{"id":508,"date":"2024-04-19T10:59:40","date_gmt":"2024-04-19T10:59:40","guid":{"rendered":"https:\/\/new.accessforparentsandchildren.on.ca\/fr\/?page_id=508"},"modified":"2024-04-23T07:35:39","modified_gmt":"2024-04-23T07:35:39","slug":"avis-de-non-responsabilite","status":"publish","type":"page","link":"https:\/\/accessforparentsandchildren.on.ca\/fr\/avis-de-non-responsabilite\/","title":{"rendered":"Avis de non-responsabilit\u00e9"},"content":{"rendered":"\n<p>Le contenu de ce site est seulement destin\u00e9 \u00e0 \u00e9duquer et \u00e0 offrir des renseignements g\u00e9n\u00e9raux au sujet des politiques et proc\u00e9dures de APCO aux clients\/es, avocats\/es et autres professionnels. Si, \u00e0 tout moment, APCO d\u00e9cide de faire des changements quant \u00e0 l&rsquo;application de ses politiques existantes ou d\u00e9veloppe de nouvelles politiques, les clients\/es seront avis\u00e9s\/es par l&rsquo;entremise de la publication des nouveaux renseignements sur notre site.<\/p>\n\n\n\n<p>Veuillez noter que le droit de t\u00e9l\u00e9charger, imprimer ou copier le contenu de ce site est absolument limit\u00e9. Si vous avez besoin d&rsquo;une copie \u00e9crite des renseignements compris sur ce site Web, veuillez communiquer avec l&rsquo;\u00e9tablissement principal de APCO.<\/p>\n","protected":false},"excerpt":{"rendered":"<p>Le contenu de ce site est seulement destin\u00e9 \u00e0 \u00e9duquer et \u00e0 offrir des renseignements g\u00e9n\u00e9raux au sujet des politiques et proc\u00e9dures de APCO aux clients\/es, avocats\/es et autres professionnels. Si, \u00e0 tout moment, APCO d\u00e9cide de faire des changements quant \u00e0 l&rsquo;application de ses politiques existantes ou d\u00e9veloppe de nouvelles politiques, les clients\/es seront&hellip; <a class=\"more-link\" href=\"https:\/\/accessforparentsandchildren.on.ca\/fr\/avis-de-non-responsabilite\/\">Poursuivre la lecture <span class=\"screen-reader-text\">Avis de non-responsabilit\u00e9<\/span><\/a><\/p>\n","protected":false},"author":1,"featured_media":509,"parent":0,"menu_order":0,"comment_status":"closed","ping_status":"closed","template":"template-parts\/tpl-disclaimer.php","meta":{"_acf_changed":false,"footnotes":""},"class_list":["post-508","page","type-page","status-publish","has-post-thumbnail","hentry","entry"],"acf":[],"_links":{"self":[{"href":"https:\/\/accessforparentsandchildren.on.ca\/fr\/wp-json\/wp\/v2\/pages\/508","targetHints":{"allow":["GET"]}}],"collection":[{"href":"https:\/\/accessforparentsandchildren.on.ca\/fr\/wp-json\/wp\/v2\/pages"}],"about":[{"href":"https:\/\/accessforparentsandchildren.on.ca\/fr\/wp-json\/wp\/v2\/types\/page"}],"author":[{"embeddable":true,"href":"https:\/\/accessforparentsandchildren.on.ca\/fr\/wp-json\/wp\/v2\/users\/1"}],"replies":[{"embeddable":true,"href":"https:\/\/accessforparentsandchildren.on.ca\/fr\/wp-json\/wp\/v2\/comments?post=508"}],"version-history":[{"count":3,"href":"https:\/\/accessforparentsandchildren.on.ca\/fr\/wp-json\/wp\/v2\/pages\/508\/revisions"}],"predecessor-version":[{"id":561,"href":"https:\/\/accessforparentsandchildren.on.ca\/fr\/wp-json\/wp\/v2\/pages\/508\/revisions\/561"}],"wp:featuredmedia":[{"embeddable":true,"href":"https:\/\/accessforparentsandchildren.on.ca\/fr\/wp-json\/wp\/v2\/media\/509"}],"wp:attachment":[{"href":"https:\/\/accessforparentsandchildren.on.ca\/fr\/wp-json\/wp\/v2\/media?parent=508"}],"curies":[{"name":"wp","href":"https:\/\/api.w.org\/{rel}","templated":true}]}}